{"id":2031,"date":"2023-12-28T09:00:36","date_gmt":"2023-12-28T09:00:36","guid":{"rendered":"https:\/\/antique-wallpaper.com\/?page_id=2031"},"modified":"2024-03-06T15:40:05","modified_gmt":"2024-03-06T15:40:05","slug":"18th-century","status":"publish","type":"page","link":"https:\/\/antique-wallpaper.com\/en\/available-wallpapers\/18th-century\/","title":{"rendered":"18th century"},"content":{"rendered":"\t\t<div data-elementor-type=\"wp-page\" data-elementor-id=\"2031\" data-post-id=\"2031\" data-obj-id=\"2031\" class=\"elementor elementor-2031 dce-elementor-post-2031\" data-elementor-post-type=\"page\">\n\t\t\t\t\t\t<section class=\"elementor-section elementor-top-section elementor-element elementor-element-1a163c01 elementor-section-boxed elementor-section-height-default elementor-section-height-default\" data-id=\"1a163c01\" data-element_type=\"section\" data-e-type=\"section\">\n\t\t\t\t\t\t<div class=\"elementor-container elementor-column-gap-default\">\n\t\t\t\t\t<div class=\"elementor-column elementor-col-100 elementor-top-column elementor-element elementor-element-4354e64d\" data-id=\"4354e64d\" data-element_type=\"column\" data-e-type=\"column\">\n\t\t\t<div class=\"elementor-widget-wrap elementor-element-populated\">\n\t\t\t\t\t\t<div class=\"elementor-element elementor-element-4396a991 dce_masking-none elementor-widget elementor-widget-image\" data-id=\"4396a991\" data-element_type=\"widget\" data-e-type=\"widget\" data-widget_type=\"image.default\">\n\t\t\t\t<div class=\"elementor-widget-container\">\n\t\t\t\t\t\t\t\t\t\t\t\t<figure class=\"wp-caption\">\n\t\t\t\t\t\t\t\t\t\t\t<a href=\"https:\/\/antique-wallpaper.com\/en\/available-wallpapers\/18th-century\/allegorie-des-arts\/\">\n\t\t\t\t\t\t\t<img fetchpriority=\"high\" decoding=\"async\" width=\"525\" height=\"350\" src=\"https:\/\/antique-wallpaper.com\/wp-content\/uploads\/2023\/12\/image1-768x512.jpeg\" class=\"attachment-medium_large size-medium_large wp-image-2191\" alt=\"\" srcset=\"https:\/\/antique-wallpaper.com\/wp-content\/uploads\/2023\/12\/image1-768x512.jpeg 768w, https:\/\/antique-wallpaper.com\/wp-content\/uploads\/2023\/12\/image1-300x200.jpeg 300w, https:\/\/antique-wallpaper.com\/wp-content\/uploads\/2023\/12\/image1-800x533.jpeg 800w, https:\/\/antique-wallpaper.com\/wp-content\/uploads\/2023\/12\/image1-1536x1024.jpeg 1536w, https:\/\/antique-wallpaper.com\/wp-content\/uploads\/2023\/12\/image1-2048x1365.jpeg 2048w\" sizes=\"100vw\" \/>\t\t\t\t\t\t\t\t<\/a>\n\t\t\t\t\t\t\t\t\t\t\t<figcaption class=\"widget-image-caption wp-caption-text\">All\u00e9gorie des Arts<\/figcaption>\n\t\t\t\t\t\t\t\t\t\t<\/figure>\n\t\t\t\t\t\t\t\t\t<\/div>\n\t\t\t\t<\/div>\n\t\t\t\t\t<\/div>\n\t\t<\/div>\n\t\t\t\t\t<\/div>\n\t\t<\/section>\n\t\t\t\t<section class=\"elementor-section elementor-top-section elementor-element elementor-element-3cdc8f1e elementor-section-boxed elementor-section-height-default elementor-section-height-default\" data-id=\"3cdc8f1e\" data-element_type=\"section\" data-e-type=\"section\">\n\t\t\t\t\t\t<div class=\"elementor-container elementor-column-gap-default\">\n\t\t\t\t\t<div class=\"elementor-column elementor-col-100 elementor-top-column elementor-element elementor-element-7663a04b\" data-id=\"7663a04b\" data-element_type=\"column\" data-e-type=\"column\">\n\t\t\t<div class=\"elementor-widget-wrap elementor-element-populated\">\n\t\t\t\t\t\t<div class=\"elementor-element elementor-element-7682bbf2 dce_masking-none elementor-widget elementor-widget-image\" data-id=\"7682bbf2\" data-element_type=\"widget\" data-e-type=\"widget\" data-widget_type=\"image.default\">\n\t\t\t\t<div class=\"elementor-widget-container\">\n\t\t\t\t\t\t\t\t\t\t\t\t<figure class=\"wp-caption\">\n\t\t\t\t\t\t\t\t\t\t\t<a href=\"https:\/\/antique-wallpaper.com\/en\/available-wallpapers\/18th-century\/revolution-panel\/\">\n\t\t\t\t\t\t\t<img decoding=\"async\" src=\"https:\/\/antique-wallpaper.com\/wp-content\/uploads\/elementor\/thumbs\/Panneau-Reevolution-scaled-qhn1689nrfup0ttonl3jql3gt9sufke5dkr3zokfls.jpeg\" title=\"Panneau Re\u011bvolution\" alt=\"Panneau Re\u011bvolution\" loading=\"lazy\" \/>\t\t\t\t\t\t\t\t<\/a>\n\t\t\t\t\t\t\t\t\t\t\t<figcaption class=\"widget-image-caption wp-caption-text\">Revolution Panel<\/figcaption>\n\t\t\t\t\t\t\t\t\t\t<\/figure>\n\t\t\t\t\t\t\t\t\t<\/div>\n\t\t\t\t<\/div>\n\t\t\t\t\t<\/div>\n\t\t<\/div>\n\t\t\t\t\t<\/div>\n\t\t<\/section>\n\t\t\t\t<section class=\"elementor-section elementor-top-section elementor-element elementor-element-35fcabb1 elementor-section-boxed elementor-section-height-default elementor-section-height-default\" data-id=\"35fcabb1\" data-element_type=\"section\" data-e-type=\"section\">\n\t\t\t\t\t\t<div class=\"elementor-container elementor-column-gap-default\">\n\t\t\t\t\t<div class=\"elementor-column elementor-col-100 elementor-top-column elementor-element elementor-element-414f3d2f\" data-id=\"414f3d2f\" data-element_type=\"column\" data-e-type=\"column\">\n\t\t\t<div class=\"elementor-widget-wrap elementor-element-populated\">\n\t\t\t\t\t\t<div class=\"elementor-element elementor-element-1a97eea2 dce_masking-none elementor-widget elementor-widget-image\" data-id=\"1a97eea2\" data-element_type=\"widget\" data-e-type=\"widget\" data-widget_type=\"image.default\">\n\t\t\t\t<div class=\"elementor-widget-container\">\n\t\t\t\t\t\t\t\t\t\t\t\t<figure class=\"wp-caption\">\n\t\t\t\t\t\t\t\t\t\t\t<a href=\"https:\/\/antique-wallpaper.com\/en\/available-wallpapers\/18th-century\/reveillon-arabesque\/\">\n\t\t\t\t\t\t\t<img decoding=\"async\" src=\"https:\/\/antique-wallpaper.com\/wp-content\/uploads\/elementor\/thumbs\/Image-scaled-qho3250yk4xxjeo3dn668wovhx9ggo0r8axxysa8zk.jpeg\" title=\"Image\" alt=\"Image\" loading=\"lazy\" \/>\t\t\t\t\t\t\t\t<\/a>\n\t\t\t\t\t\t\t\t\t\t\t<figcaption class=\"widget-image-caption wp-caption-text\">Arabesque R\u00e9veillon<\/figcaption>\n\t\t\t\t\t\t\t\t\t\t<\/figure>\n\t\t\t\t\t\t\t\t\t<\/div>\n\t\t\t\t<\/div>\n\t\t\t\t<div class=\"elementor-element elementor-element-8d3c987 dce_masking-none elementor-widget elementor-widget-image\" data-id=\"8d3c987\" data-element_type=\"widget\" data-e-type=\"widget\" data-widget_type=\"image.default\">\n\t\t\t\t<div class=\"elementor-widget-container\">\n\t\t\t\t\t\t\t\t\t\t\t\t<figure class=\"wp-caption\">\n\t\t\t\t\t\t\t\t\t\t\t<a href=\"https:\/\/antique-wallpaper.com\/en\/available-wallpapers\/18th-century\/pillement\/\">\n\t\t\t\t\t\t\t<img decoding=\"async\" src=\"https:\/\/antique-wallpaper.com\/wp-content\/uploads\/elementor\/thumbs\/IMG_1777-2-scaled-qhv52g5hjirjb80y13jcj1y2zurz74d1bz1sd6chz4.jpeg\" title=\"IMG_1777 2\" alt=\"IMG_1777 2\" loading=\"lazy\" \/>\t\t\t\t\t\t\t\t<\/a>\n\t\t\t\t\t\t\t\t\t\t\t<figcaption class=\"widget-image-caption wp-caption-text\">Pillement panel<\/figcaption>\n\t\t\t\t\t\t\t\t\t\t<\/figure>\n\t\t\t\t\t\t\t\t\t<\/div>\n\t\t\t\t<\/div>\n\t\t\t\t<div class=\"elementor-element elementor-element-9caa5bb dce_masking-none elementor-widget elementor-widget-image\" data-id=\"9caa5bb\" data-element_type=\"widget\" data-e-type=\"widget\" data-widget_type=\"image.default\">\n\t\t\t\t<div class=\"elementor-widget-container\">\n\t\t\t\t\t\t\t\t\t\t\t\t<figure class=\"wp-caption\">\n\t\t\t\t\t\t\t\t\t\t\t<a href=\"https:\/\/antique-wallpaper.com\/en\/available-wallpapers\/18th-century\/neoclassical-decor-by-reveillon\/\">\n\t\t\t\t\t\t\t<img decoding=\"async\" src=\"https:\/\/antique-wallpaper.com\/wp-content\/uploads\/elementor\/thumbs\/IMG_2491-scaled-qktfya0w0wk5pwueqi69nrrgqsicwpv4yau78pqznk.jpeg\" title=\"IMG_2491\" alt=\"IMG_2491\" loading=\"lazy\" \/>\t\t\t\t\t\t\t\t<\/a>\n\t\t\t\t\t\t\t\t\t\t\t<figcaption class=\"widget-image-caption wp-caption-text\">Neoclassical decor by R\u00e9veillon<\/figcaption>\n\t\t\t\t\t\t\t\t\t\t<\/figure>\n\t\t\t\t\t\t\t\t\t<\/div>\n\t\t\t\t<\/div>\n\t\t\t\t\t<\/div>\n\t\t<\/div>\n\t\t\t\t\t<\/div>\n\t\t<\/section>\n\t\t\t\t<section class=\"elementor-section elementor-top-section elementor-element elementor-element-50f25ea1 elementor-section-boxed elementor-section-height-default elementor-section-height-default\" data-id=\"50f25ea1\" data-element_type=\"section\" data-e-type=\"section\">\n\t\t\t\t\t\t<div class=\"elementor-container elementor-column-gap-default\">\n\t\t\t\t\t<div class=\"elementor-column elementor-col-100 elementor-top-column elementor-element elementor-element-7d0e7f8c\" data-id=\"7d0e7f8c\" data-element_type=\"column\" data-e-type=\"column\">\n\t\t\t<div class=\"elementor-widget-wrap elementor-element-populated\">\n\t\t\t\t\t\t<div class=\"elementor-element elementor-element-226fcc78 elementor-widget elementor-widget-spacer\" data-id=\"226fcc78\" data-element_type=\"widget\" data-e-type=\"widget\" data-widget_type=\"spacer.default\">\n\t\t\t\t<div class=\"elementor-widget-container\">\n\t\t\t\t\t\t\t<div class=\"elementor-spacer\">\n\t\t\t<div class=\"elementor-spacer-inner\"><\/div>\n\t\t<\/div>\n\t\t\t\t\t\t<\/div>\n\t\t\t\t<\/div>\n\t\t\t\t\t<\/div>\n\t\t<\/div>\n\t\t\t\t\t<\/div>\n\t\t<\/section>\n\t\t\t\t<\/div>\n\t\t","protected":false},"excerpt":{"rendered":"<p>All\u00e9gorie des Arts Revolution Panel Arabesque R\u00e9veillon Pillement panel Neoclassical decor by R\u00e9veillon<\/p>\n","protected":false},"author":3,"featured_media":0,"parent":537,"menu_order":0,"comment_status":"closed","ping_status":"closed","template":"elementor_header_footer","meta":{"_acf_changed":false,"footnotes":""},"class_list":["post-2031","page","type-page","status-publish","hentry"],"acf":[],"_links":{"self":[{"href":"https:\/\/antique-wallpaper.com\/en\/wp-json\/wp\/v2\/pages\/2031"}],"collection":[{"href":"https:\/\/antique-wallpaper.com\/en\/wp-json\/wp\/v2\/pages"}],"about":[{"href":"https:\/\/antique-wallpaper.com\/en\/wp-json\/wp\/v2\/types\/page"}],"author":[{"embeddable":true,"href":"https:\/\/antique-wallpaper.com\/en\/wp-json\/wp\/v2\/users\/3"}],"replies":[{"embeddable":true,"href":"https:\/\/antique-wallpaper.com\/en\/wp-json\/wp\/v2\/comments?post=2031"}],"version-history":[{"count":40,"href":"https:\/\/antique-wallpaper.com\/en\/wp-json\/wp\/v2\/pages\/2031\/revisions"}],"predecessor-version":[{"id":4834,"href":"https:\/\/antique-wallpaper.com\/en\/wp-json\/wp\/v2\/pages\/2031\/revisions\/4834"}],"up":[{"embeddable":true,"href":"https:\/\/antique-wallpaper.com\/en\/wp-json\/wp\/v2\/pages\/537"}],"wp:attachment":[{"href":"https:\/\/antique-wallpaper.com\/en\/wp-json\/wp\/v2\/media?parent=2031"}],"curies":[{"name":"wp","href":"https:\/\/api.w.org\/{rel}","templated":true}]}}